{"id":11,"date":"2016-05-26T13:56:12","date_gmt":"2016-05-26T11:56:12","guid":{"rendered":"http:\/\/wp.edu-sharing.de\/workshop2014\/?page_id=11"},"modified":"2021-01-12T11:36:15","modified_gmt":"2021-01-12T10:36:15","slug":"veranstaltungsort","status":"publish","type":"page","link":"https:\/\/wp.edu-sharing.de\/workshop2014\/veranstaltungsort\/","title":{"rendered":"Veranstaltungsort"},"content":{"rendered":"<h1>Veranstaltungsort: hbz in K\u00f6ln<\/h1>\n<p><img loading=\"lazy\" decoding=\"async\" class=\"alignnone size-medium wp-image-32\" src=\"http:\/\/wp.edu-sharing.de\/workshop2014\/wp-content\/uploads\/sites\/9\/2021\/01\/Hbz-Logo.svg-300x118.png\" alt=\"\" width=\"300\" height=\"118\" srcset=\"https:\/\/wp.edu-sharing.de\/workshop2014\/wp-content\/uploads\/sites\/9\/2021\/01\/Hbz-Logo.svg-300x118.png 300w, https:\/\/wp.edu-sharing.de\/workshop2014\/wp-content\/uploads\/sites\/9\/2021\/01\/Hbz-Logo.svg-768x302.png 768w, https:\/\/wp.edu-sharing.de\/workshop2014\/wp-content\/uploads\/sites\/9\/2021\/01\/Hbz-Logo.svg-600x236.png 600w, https:\/\/wp.edu-sharing.de\/workshop2014\/wp-content\/uploads\/sites\/9\/2021\/01\/Hbz-Logo.svg.png 800w\" sizes=\"auto, (max-width: 300px) 100vw, 300px\" \/><\/p>\n<p>Hochschulbibliothekszentrum<br \/>\ndes Landes Nordrhein-Westfalen (hbz)<br \/>\nJ\u00fclicher Stra\u00dfe 6<br \/>\n50674 K\u00f6ln<\/p>\n<p>&nbsp;<\/p>\n<p><cite><img loading=\"lazy\" decoding=\"async\" class=\"alignnone wp-image-12\" src=\"http:\/\/wp.edu-sharing.de\/workshop2014\/wp-content\/uploads\/sites\/9\/2016\/05\/640px-K\u00f6ln_Panorama-300x196.jpg\" alt=\"640px-K\u00f6ln_Panorama\" width=\"395\" height=\"258\" srcset=\"https:\/\/wp.edu-sharing.de\/workshop2014\/wp-content\/uploads\/sites\/9\/2016\/05\/640px-K\u00f6ln_Panorama-300x196.jpg 300w, https:\/\/wp.edu-sharing.de\/workshop2014\/wp-content\/uploads\/sites\/9\/2016\/05\/640px-K\u00f6ln_Panorama.jpg 640w\" sizes=\"auto, (max-width: 395px) 100vw, 395px\" \/><\/cite><\/p>\n<p><cite>Foto <a href=\"http:\/\/commons.wikimedia.org\/wiki\/File:K%C3%B6ln_Panorama.jpg\" target=\"_blank\" rel=\"noopener noreferrer\">K\u00f6ln <\/a>von <a href=\"http:\/\/commons.wikimedia.org\/wiki\/User:Raymond\" target=\"_blank\" rel=\"noopener noreferrer\">Raimond Spekking<\/a> \/ <a href=\"http:\/\/creativecommons.org\/licenses\/by-sa\/4.0\/\" target=\"_blank\" rel=\"noopener noreferrer\">CC BY-SA-4.0<\/a> (via Wikimedia Commons)<\/cite><\/p>\n<p>&nbsp;<\/p>\n<p>&nbsp;<\/p>\n<p><iframe loading=\"lazy\" style=\"border: 1px solid black;\" src=\"http:\/\/www.openstreetmap.org\/export\/embed.html?bbox=6.934167444705963%2C50.93349174617243%2C6.936849653720856%2C50.934757829036556&amp;layer=mapnik&amp;marker=50.93412394673078%2C6.935508549213409\" width=\"640\" height=\"350\" frameborder=\"0\" marginwidth=\"0\" marginheight=\"0\" scrolling=\"no\"><\/iframe><br \/>\n<small><a href=\"http:\/\/www.openstreetmap.org\/?mlat=50.93412&amp;mlon=6.93551#map=19\/50.93412\/6.93551\">View Larger Map<\/a><\/small><\/p>\n","protected":false},"excerpt":{"rendered":"<p>Veranstaltungsort: hbz in K\u00f6ln Hochschulbibliothekszentrum des Landes Nordrhein-Westfalen (hbz) J\u00fclicher Stra\u00dfe 6 50674 K\u00f6ln &nbsp; Foto K\u00f6ln von Raimond Spekking \/ CC BY-SA-4.0 (via Wikimedia Commons) &nbsp; &nbsp; View Larger Map<\/p>\n","protected":false},"author":1,"featured_media":0,"parent":0,"menu_order":0,"comment_status":"closed","ping_status":"closed","template":"","meta":{"footnotes":""},"class_list":["post-11","page","type-page","status-publish","hentry"],"_links":{"self":[{"href":"https:\/\/wp.edu-sharing.de\/workshop2014\/wp-json\/wp\/v2\/pages\/11","targetHints":{"allow":["GET"]}}],"collection":[{"href":"https:\/\/wp.edu-sharing.de\/workshop2014\/wp-json\/wp\/v2\/pages"}],"about":[{"href":"https:\/\/wp.edu-sharing.de\/workshop2014\/wp-json\/wp\/v2\/types\/page"}],"author":[{"embeddable":true,"href":"https:\/\/wp.edu-sharing.de\/workshop2014\/wp-json\/wp\/v2\/users\/1"}],"replies":[{"embeddable":true,"href":"https:\/\/wp.edu-sharing.de\/workshop2014\/wp-json\/wp\/v2\/comments?post=11"}],"version-history":[{"count":2,"href":"https:\/\/wp.edu-sharing.de\/workshop2014\/wp-json\/wp\/v2\/pages\/11\/revisions"}],"predecessor-version":[{"id":33,"href":"https:\/\/wp.edu-sharing.de\/workshop2014\/wp-json\/wp\/v2\/pages\/11\/revisions\/33"}],"wp:attachment":[{"href":"https:\/\/wp.edu-sharing.de\/workshop2014\/wp-json\/wp\/v2\/media?parent=11"}],"curies":[{"name":"wp","href":"https:\/\/api.w.org\/{rel}","templated":true}]}}