{"id":14,"date":"2016-05-26T14:04:20","date_gmt":"2016-05-26T12:04:20","guid":{"rendered":"http:\/\/wp.edu-sharing.de\/workshop2014\/?page_id=14"},"modified":"2021-02-23T13:29:18","modified_gmt":"2021-02-23T12:29:18","slug":"impressum","status":"publish","type":"page","link":"https:\/\/wp.edu-sharing.de\/workshop2014\/impressum\/","title":{"rendered":"Impressum"},"content":{"rendered":"<p><b>Adresse:<\/b><br \/>\nedu-sharing NETWORK<br \/>\n(B\u00fcro Weimar)<br \/>\nAm Horn 21a<br \/>\n99425 Weimar<\/p>\n<p><b>Telefonkontakt:<\/b><br \/>\n++49 (0)3643 \/ 58 -2102<\/p>\n<p><b>Mailkontakt:<\/b><br \/>\ninfo@edu-sharing-network.org<\/p>\n<p><b>Anbieterkennzeichnung:<\/b><br \/>\nName des Dienstanbieters: edu-sharing.net e.V.<br \/>\nRechtsform: gemeinn\u00fctziger Verein, Amtsgericht Weimar VR 1198<br \/>\nVertretungsberechtigter Vorstand: Annett Zobel, Stellvertreter: Bernd Kr\u00e4mer<br \/>\nSteuernummer: 162 \/ 141 \/ 16077, zust\u00e4ndiges Finanzamt: Jena<br \/>\nInhaltlich Verantwortliche gem\u00e4\u00df \u00a7 10 Absatz 3 MDStV ist Prof. Dr. Kr\u00e4mer, Annett Zobel, Christian Lukaschik<\/p>\n<p><b> Haftung:<\/b><br \/>\nAls Diensteanbieter ist der edu-sharing.net e.V. gem\u00e4\u00df \u00a7 7 Abs. 1 TMG f\u00fcr eigene Informationen, die sie zur Nutzung bereith\u00e4lt, nach den allgemeinen Gesetzen verantwortlich. Dementsprechend besteht keine Verantwortung f\u00fcr die von anderen Anbietern bereit gestellten Inhalte, auf die mittels Hyperlinks verwiesen wird. Sollten mit unserem Angebot verlinkte Seiten aus fachlichen oder rechtlichen Gr\u00fcnden Anlass zur Beanstandung geben, bitten wir um eine entsprechende Mitteilung an die Redaktion der betreffenden Seite.<\/p>\n<p><b>Urheberrecht:<\/b><br \/>\nDie auf den Internet-Seiten von edu-sharing.net bereit gestellten Werke sind urheberrechtlich gesch\u00fctzt. Daher bedarf es f\u00fcr jede Nutzung, die \u00fcber die im UrhG geregelten F\u00e4lle der erlaubnisfreien Nutzung hinausgeht, einer vorherigen Genehmigung. Wir m\u00f6chten ausdr\u00fccklich darauf hinweisen, dass es sich bei den bereit gehaltenen Werken nicht um (freie) amtliche Werke im Sinne des \u00a7 5 UrhG handelt. Frei nutzbare und weiterverbreitbare Inhalte dieser Seite sind entsprechend gekennzeichnet und mit Nutzungserlaunissen (z.B. open source Lizenzen) versehen.<\/p>\n<p><b>Gestaltung und Umsetzung<\/b><br \/>\nDie technische Umsetzung wurde von der metaVentis GmbH unterst\u00fctzt.<\/p>\n","protected":false},"excerpt":{"rendered":"<p>Adresse: edu-sharing NETWORK (B\u00fcro Weimar) Am Horn 21a 99425 Weimar Telefonkontakt: ++49 (0)3643 \/ 58 -2102 Mailkontakt: info@edu-sharing-network.org Anbieterkennzeichnung: Name des Dienstanbieters: edu-sharing.net e.V. Rechtsform: gemeinn\u00fctziger Verein, Amtsgericht Weimar VR 1198 Vertretungsberechtigter Vorstand: Annett Zobel, Stellvertreter: Bernd Kr\u00e4mer Steuernummer: 162<\/p>\n","protected":false},"author":1,"featured_media":0,"parent":0,"menu_order":0,"comment_status":"closed","ping_status":"closed","template":"","meta":{"footnotes":""},"class_list":["post-14","page","type-page","status-publish","hentry"],"_links":{"self":[{"href":"https:\/\/wp.edu-sharing.de\/workshop2014\/wp-json\/wp\/v2\/pages\/14","targetHints":{"allow":["GET"]}}],"collection":[{"href":"https:\/\/wp.edu-sharing.de\/workshop2014\/wp-json\/wp\/v2\/pages"}],"about":[{"href":"https:\/\/wp.edu-sharing.de\/workshop2014\/wp-json\/wp\/v2\/types\/page"}],"author":[{"embeddable":true,"href":"https:\/\/wp.edu-sharing.de\/workshop2014\/wp-json\/wp\/v2\/users\/1"}],"replies":[{"embeddable":true,"href":"https:\/\/wp.edu-sharing.de\/workshop2014\/wp-json\/wp\/v2\/comments?post=14"}],"version-history":[{"count":2,"href":"https:\/\/wp.edu-sharing.de\/workshop2014\/wp-json\/wp\/v2\/pages\/14\/revisions"}],"predecessor-version":[{"id":39,"href":"https:\/\/wp.edu-sharing.de\/workshop2014\/wp-json\/wp\/v2\/pages\/14\/revisions\/39"}],"wp:attachment":[{"href":"https:\/\/wp.edu-sharing.de\/workshop2014\/wp-json\/wp\/v2\/media?parent=14"}],"curies":[{"name":"wp","href":"https:\/\/api.w.org\/{rel}","templated":true}]}}