{"id":2,"date":"2016-05-26T13:39:23","date_gmt":"2016-05-26T11:39:23","guid":{"rendered":"http:\/\/wp.edu-sharing.de\/workshop2014\/?page_id=2"},"modified":"2021-01-12T11:33:45","modified_gmt":"2021-01-12T10:33:45","slug":"home","status":"publish","type":"page","link":"https:\/\/wp.edu-sharing.de\/workshop2014\/","title":{"rendered":"Home"},"content":{"rendered":"<p><img loading=\"lazy\" decoding=\"async\" class=\"aligncenter size-full wp-image-6\" src=\"http:\/\/wp.edu-sharing.de\/workshop2014\/wp-content\/uploads\/sites\/9\/2016\/05\/banner_oer_2014.png\" alt=\"\" width=\"960\" height=\"320\" srcset=\"https:\/\/wp.edu-sharing.de\/workshop2014\/wp-content\/uploads\/sites\/9\/2016\/05\/banner_oer_2014.png 960w, https:\/\/wp.edu-sharing.de\/workshop2014\/wp-content\/uploads\/sites\/9\/2016\/05\/banner_oer_2014-300x100.png 300w, https:\/\/wp.edu-sharing.de\/workshop2014\/wp-content\/uploads\/sites\/9\/2016\/05\/banner_oer_2014-768x256.png 768w\" sizes=\"auto, (max-width: 960px) 100vw, 960px\" \/><\/p>\n<h1>edu-sharing Workshop 2014<\/h1>\n<h2>OER als gemeinsames Arbeitsfeld<br \/>\nvon Bibliotheken und E-Learning-Akteuren?<\/h2>\n<p><strong>am 11. und 12. Dezember 2014 im hbz K\u00f6ln<\/strong><\/p>\n<p>Klassische und moderne Contentversorgung durch Bibliotheken oder Medienzentren und<br \/>\ndie Contenterstellung &amp; -nutzung im E-Learning-Bereich sind vielerorts separate Welten.<br \/>\nEntwickeln sich hier Ideen und Ressourcen aneinander vorbei, die kombiniert funktionierende OER-L\u00f6sungsans\u00e4tze ergeben k\u00f6nnten?<\/p>\n<p>\u00dcber 30 Fachleute und Interssierte aus Bibliotheken, E-Learning- und IT-Service-Einrichtungen diskutieren, wie man OER dort verf\u00fcgbar zu machen kann, wo sie ben\u00f6tigt werden: in unseren E-Learning-Systemen!<\/p>\n<h2>Programm<\/h2>\n<h3><strong>Donnerstag, 11. Dezember<\/strong><\/h3>\n<p>13:00 &#8211; 13:30\u00a0\u00a0\u00a0 Ankommen, Kaffee und Gespr\u00e4che<\/p>\n<p><strong>13:30 &#8211; 14:15 \u00a0\u00a0 Begr\u00fc\u00dfung und OER im \u00dcberblick<\/strong> (Plenum) &#8211; Jan Neumann (hbz), Annett Zobel (edu-sharing)<\/p>\n<p><strong>14:15 &#8211; 15:00 \u00a0\u00a0 Keynote: OpenLearnWare an der TU-Darmstadt &#8211; ein Erfahrungsbericht<\/strong> &#8211; Christian Hoppe, TU-Darmstadt<\/p>\n<p>&#8211; Kaffeepause &#8211;<\/p>\n<p><strong>15:30 &#8211; 17:15\u00a0 \u00a0 Workshop-Schnuppern: Einblick und Mitgestaltung der Workshopangebote\u00a0<\/strong> (finden Sie Ihr Thema f\u00fcr den Freitag)<\/p>\n<p><strong>17:15 &#8211; 18:00\u00a0\u00a0\u00a0 Teilnehmer-Vorstellungsrunde: Ihre Erwartungen und Workshopwahl<\/strong><\/p>\n<p><strong>19:00 \u00a0 Netzwerkabend im Brauhaus &#8222;Em K\u00f6lsche Boor&#8220;<\/strong> (Selbstzahlerbasis)<\/p>\n<p>&nbsp;<\/p>\n<h3><strong>Freitag, 12. Dezember<\/strong><\/h3>\n<p><strong>09:00 &#8211; 12:00\u00a0\u00a0 Workshops<\/strong><\/p>\n<ol>\n<li><strong>Organisatorische Aspekte einer Kooperation zwischen Bibliotheken und E-Learning<\/strong><br \/>\nIn unserem 1. Workshop diskutieren wir, wie E-Learning Akteure und Bibliotheken zusammenarbeiten k\u00f6nnen, um gemeinsam funktionierende L\u00f6sungen f\u00fcr Herstellung, Nutzung und Verwaltung von Open Educational Resources zu entwickeln. Dabei sollen, ausgehend von einer Bestandsaufnahme der Aktivit\u00e4ten beider Gruppen, insbesondere organisatorische Aspekte im Mittelpunkt stehen.<\/li>\n<li><strong>Kooperationspotentiale bei IT &amp; Softwareentwicklung<\/strong><br \/>\nBibliotheks- und E-Learning-Systeme sind bisher noch zu separiert. E-Learning-Systeme sammeln die Inhalte von Nutzern, machen diese jedoch nicht ausreichend f\u00fcr eine Wiederverwendung verf\u00fcgbar. Die Inhalte gelangen nur ungen\u00fcgend in digitale Bibliotheken und (O)ER-Repositorien.<br \/>\nIn Workshop 2 tauschen wir uns zu bestehenden technischen L\u00f6sungen aus und besprechen m\u00f6gliche Schnittstellen, Kooperation bei Metadatengenerierung u.a. IT-Aufgaben.<\/li>\n<li><strong>Harmonisierung von OER-Metadaten im deutschsprachigen Raum<\/strong> &#8211; Offenes Treffen der Gruppe &#8222;OER-Metadaten&#8220; der DINI-AG KIM<br \/>\nEin Ergebnis der OER-Konferenz 2013 in Berlin war die Gr\u00fcndung der <a href=\"https:\/\/wiki.dnb.de\/x\/IQ30B\" target=\"_blank\" rel=\"noopener noreferrer\">Gruppe &#8222;OER-Metadaten&#8220;<\/a> innerhalb der DINI-AG KIM (Kompetenzzentrum Interoperable Metadaten). Dieses Jahr hat diese Gruppe mit der Erarbeitung von Empfehlungen zur Publikation von <a href=\"https:\/\/wiki.dnb.de\/x\/hq_kBQ\" target=\"_blank\" rel=\"noopener noreferrer\">OER-Metadaten<\/a> begonnen. Dabei geht es um einen gemeinsam erarbeiteten Vorschlag, welche Metadatenelemente zur Beschreibung offener Bildungsressourcen benutzt und mit welchen Werten sie versehen werden sollten. Neben der Diskussion von Formaten (XML, RDF etc.) und Datenmodellen (LOM, LRMI etc.) spielt auch die Identifizierung m\u00f6glicher kontrollierter Vokabulare zur einheitlichen Angabe etwa von Bildungsbereich, Schulform und Bildungsstufe eine wichtige Rolle. Alle Interessierten sind herzlich eingeladen sich an dem Treffen zu beteiligen und\/oder innerhalb der Gruppe zu engagieren.<\/li>\n<li><strong>OER User Experience: Nahtlose Abla\u0308ufe u\u0308ber System- &amp; Organisationsgrenzen?<\/strong><br \/>\nBenutzerfreundliche Systeme beschr\u00e4nken sich auf notwendige Funktionalit\u00e4ten an passenden Stellen. Die Integration von OER-Such- und Erfassungsfunktionen in die E-Learning-Systeme, also in die Lehr-\/Lernprozesse, ist deshalb ein wichtiges Thema ebenso wie die automatische Generierung von Metadaten.<br \/>\nIm Workshop 4 vergleichen wir aktuelle (O)ER-Systeme mit heutigen Usability-Anforderungen und gestalterisch \/ technischen M\u00f6glichkeiten. Per Diskurs und Paper Prototyping entwerfen wir L\u00f6sungsvorschl\u00e4ge f\u00fcr (O)ER-Funktionen sowie f\u00fcr die Generierung von Metadaten aus Nutzungskontexten.<\/li>\n<\/ol>\n<p><strong>12:00\u00a0\u00a0\u00a0 Zusammenfassung und Ausklang<\/strong><\/p>\n<p><strong>Ende der Veranstaltung ca. 13 Uhr<\/strong><\/p>\n<p>&nbsp;<\/p>\n<p>14:00 &#8211; 17:00\u00a0\u00a0 edu-sharing Jahresversammlung (nur f\u00fcr Mitglieder)<\/p>\n<p>&nbsp;<\/p>\n<h2>Veranstalter:<\/h2>\n<p><img loading=\"lazy\" decoding=\"async\" class=\"alignnone size-full wp-image-16\" src=\"http:\/\/wp.edu-sharing.de\/workshop2014\/wp-content\/uploads\/sites\/9\/2016\/05\/edu-sharing-HBZ-Logos.png\" alt=\"edu-sharing-HBZ-Logos\" width=\"265\" height=\"220\" \/><\/p>\n","protected":false},"excerpt":{"rendered":"<p>edu-sharing Workshop 2014 OER als gemeinsames Arbeitsfeld von Bibliotheken und E-Learning-Akteuren? am 11. und 12. Dezember 2014 im hbz K\u00f6ln Klassische und moderne Contentversorgung durch Bibliotheken oder Medienzentren und die Contenterstellung &amp; -nutzung im E-Learning-Bereich sind vielerorts separate Welten. Entwickeln<\/p>\n","protected":false},"author":1,"featured_media":0,"parent":0,"menu_order":0,"comment_status":"closed","ping_status":"open","template":"","meta":{"footnotes":""},"class_list":["post-2","page","type-page","status-publish","hentry"],"_links":{"self":[{"href":"https:\/\/wp.edu-sharing.de\/workshop2014\/wp-json\/wp\/v2\/pages\/2","targetHints":{"allow":["GET"]}}],"collection":[{"href":"https:\/\/wp.edu-sharing.de\/workshop2014\/wp-json\/wp\/v2\/pages"}],"about":[{"href":"https:\/\/wp.edu-sharing.de\/workshop2014\/wp-json\/wp\/v2\/types\/page"}],"author":[{"embeddable":true,"href":"https:\/\/wp.edu-sharing.de\/workshop2014\/wp-json\/wp\/v2\/users\/1"}],"replies":[{"embeddable":true,"href":"https:\/\/wp.edu-sharing.de\/workshop2014\/wp-json\/wp\/v2\/comments?post=2"}],"version-history":[{"count":9,"href":"https:\/\/wp.edu-sharing.de\/workshop2014\/wp-json\/wp\/v2\/pages\/2\/revisions"}],"predecessor-version":[{"id":31,"href":"https:\/\/wp.edu-sharing.de\/workshop2014\/wp-json\/wp\/v2\/pages\/2\/revisions\/31"}],"wp:attachment":[{"href":"https:\/\/wp.edu-sharing.de\/workshop2014\/wp-json\/wp\/v2\/media?parent=2"}],"curies":[{"name":"wp","href":"https:\/\/api.w.org\/{rel}","templated":true}]}}